{"id":757,"date":"2021-04-29T14:00:40","date_gmt":"2021-04-29T14:00:40","guid":{"rendered":"https:\/\/qi85.qodeinteractive.com\/?page_id=757"},"modified":"2025-08-25T20:05:04","modified_gmt":"2025-08-25T18:05:04","slug":"about","status":"publish","type":"page","link":"https:\/\/naruki.world\/?page_id=757","title":{"rendered":"About"},"content":{"rendered":"\t\t<div data-elementor-type=\"wp-page\" data-elementor-id=\"757\" class=\"elementor elementor-757\">\n\t\t\t\t\t\t<section class=\"elementor-section elementor-top-section elementor-element elementor-element-66829cb elementor-section-full_width elementor-section-content-middle elementor-section-height-default elementor-section-height-default qodef-elementor-content-no\" data-id=\"66829cb\" data-element_type=\"section\" data-e-type=\"section\">\n\t\t\t\t\t\t<div class=\"elementor-container elementor-column-gap-default\">\n\t\t\t\t\t<div class=\"elementor-column elementor-col-50 elementor-top-column elementor-element elementor-element-069e773 qodef-sticky-column--no\" data-id=\"069e773\" data-element_type=\"column\" data-e-type=\"column\">\n\t\t\t<div class=\"elementor-widget-wrap elementor-element-populated\">\n\t\t\t\t\t\t<div class=\"elementor-element elementor-element-fd89190 elementor-widget__width-initial elementor-widget-tablet__width-inherit animated-fast elementor-invisible elementor-widget elementor-widget-image\" data-id=\"fd89190\" data-element_type=\"widget\" data-e-type=\"widget\" data-settings=\"{&quot;_animation&quot;:&quot;bounceInLeft&quot;}\" data-widget_type=\"image.default\">\n\t\t\t\t<div class=\"elementor-widget-container\">\n\t\t\t\t\t\t\t\t\t\t\t\t\t\t\t<img fetchpriority=\"high\" decoding=\"async\" width=\"2560\" height=\"2560\" src=\"https:\/\/naruki.world\/wp-content\/uploads\/2025\/08\/me3-scaled.png\" class=\"attachment-full size-full wp-image-2051\" alt=\"\" srcset=\"https:\/\/naruki.world\/wp-content\/uploads\/2025\/08\/me3-scaled.png 2560w, https:\/\/naruki.world\/wp-content\/uploads\/2025\/08\/me3-300x300.png 300w, https:\/\/naruki.world\/wp-content\/uploads\/2025\/08\/me3-1024x1024.png 1024w, https:\/\/naruki.world\/wp-content\/uploads\/2025\/08\/me3-150x150.png 150w, https:\/\/naruki.world\/wp-content\/uploads\/2025\/08\/me3-768x768.png 768w, https:\/\/naruki.world\/wp-content\/uploads\/2025\/08\/me3-1536x1536.png 1536w\" sizes=\"(max-width: 2560px) 100vw, 2560px\" \/>\t\t\t\t\t\t\t\t\t\t\t\t\t\t\t<\/div>\n\t\t\t\t<\/div>\n\t\t\t\t\t<\/div>\n\t\t<\/div>\n\t\t\t\t<div class=\"elementor-column elementor-col-50 elementor-top-column elementor-element elementor-element-7ca9b79 qodef-sticky-column--no\" data-id=\"7ca9b79\" data-element_type=\"column\" data-e-type=\"column\">\n\t\t\t<div class=\"elementor-widget-wrap elementor-element-populated\">\n\t\t\t\t\t\t<div class=\"elementor-element elementor-element-2b979e5 animated-fast elementor-invisible elementor-widget elementor-widget-qi_addons_for_elementor_section_title\" data-id=\"2b979e5\" data-element_type=\"widget\" data-e-type=\"widget\" data-settings=\"{&quot;_animation&quot;:&quot;bounceInDown&quot;}\" data-widget_type=\"qi_addons_for_elementor_section_title.default\">\n\t\t\t\t<div class=\"elementor-widget-container\">\n\t\t\t\t\t<div class=\"qodef-shortcode qodef-m qodef-qi-section-title qodef-decoration--italic qodef-link--underline-draw qodef-subtitle-icon--left\">\n\t\t\t\t\t\t<h1 class=\"qodef-m-title\">\n\t\t\u00c0 propos de moi.\t<\/h1>\n\t\t\t<\/div>\n\t\t\t\t<\/div>\n\t\t\t\t<\/div>\n\t\t\t\t<div class=\"elementor-element elementor-element-ce24871 elementor-widget elementor-widget-qi_addons_for_elementor_separator\" data-id=\"ce24871\" data-element_type=\"widget\" data-e-type=\"widget\" data-widget_type=\"qi_addons_for_elementor_separator.default\">\n\t\t\t\t<div class=\"elementor-widget-container\">\n\t\t\t\t\t<div class=\"qodef-shortcode qodef-m qodef-qi-separator qodef-qi-clear qodef-separator--border-image\">\n\t<div class=\"qodef-m-line\" style=\"background-image: url(https:\/\/naruki.world\/wp-content\/uploads\/2021\/04\/h1-divider-img-1.png)\"><\/div>\n<\/div>\n\t\t\t\t<\/div>\n\t\t\t\t<\/div>\n\t\t\t\t<div class=\"elementor-element elementor-element-b0e8d66 elementor-widget__width-initial elementor-widget-tablet__width-inherit animated-fast elementor-invisible elementor-widget elementor-widget-qi_addons_for_elementor_section_title\" data-id=\"b0e8d66\" data-element_type=\"widget\" data-e-type=\"widget\" data-settings=\"{&quot;_animation&quot;:&quot;bounceInRight&quot;}\" data-widget_type=\"qi_addons_for_elementor_section_title.default\">\n\t\t\t\t<div class=\"elementor-widget-container\">\n\t\t\t\t\t<div class=\"qodef-shortcode qodef-m qodef-qi-section-title qodef-decoration--italic qodef-text-link--underline-initial qodef-link--underline-draw qodef-subtitle-icon--left\">\n\t\t\t\t\t\t\t\t<div class=\"qodef-m-text\"><p>Je suis Noura Hassani, mais vous pouvez m'appeler Naruki. Passionn\u00e9e dans le milieu cr\u00e9atif depuis mes six ans, je d\u00e9veloppe un univers m\u00ealant illustration, concept art, photographie, voire l'animation\u2026 et toujours pr\u00eate vers la qu\u00eate de nouvelles techniques et pratiques.<\/p><\/div>\n\t<\/div>\n\t\t\t\t<\/div>\n\t\t\t\t<\/div>\n\t\t\t\t\t<\/div>\n\t\t<\/div>\n\t\t\t\t\t<\/div>\n\t\t<\/section>\n\t\t\t\t<section class=\"elementor-section elementor-top-section elementor-element elementor-element-2948527 elementor-section-full_width elementor-section-height-default elementor-section-height-default qodef-elementor-content-no\" data-id=\"2948527\" data-element_type=\"section\" data-e-type=\"section\">\n\t\t\t\t\t\t<div class=\"elementor-container elementor-column-gap-default\">\n\t\t\t\t\t<div class=\"elementor-column elementor-col-50 elementor-top-column elementor-element elementor-element-5fa6512 qodef-sticky-column--no\" data-id=\"5fa6512\" data-element_type=\"column\" data-e-type=\"column\">\n\t\t\t<div class=\"elementor-widget-wrap\">\n\t\t\t\t\t\t\t<\/div>\n\t\t<\/div>\n\t\t\t\t<div class=\"elementor-column elementor-col-50 elementor-top-column elementor-element elementor-element-e048f69 qodef-sticky-column--no\" data-id=\"e048f69\" data-element_type=\"column\" data-e-type=\"column\">\n\t\t\t<div class=\"elementor-widget-wrap elementor-element-populated\">\n\t\t\t\t\t\t<section class=\"elementor-section elementor-inner-section elementor-element elementor-element-c6c1637 elementor-section-full_width elementor-reverse-mobile elementor-section-height-default elementor-section-height-default qodef-elementor-content-no\" data-id=\"c6c1637\" data-element_type=\"section\" data-e-type=\"section\">\n\t\t\t\t\t\t<div class=\"elementor-container elementor-column-gap-default\">\n\t\t\t\t\t<div class=\"elementor-column elementor-col-50 elementor-inner-column elementor-element elementor-element-aba9646 qodef-sticky-column--no\" data-id=\"aba9646\" data-element_type=\"column\" data-e-type=\"column\">\n\t\t\t<div class=\"elementor-widget-wrap elementor-element-populated\">\n\t\t\t\t\t\t<div class=\"elementor-element elementor-element-0cbf65a elementor-widget-tablet__width-auto elementor-widget elementor-widget-qi_addons_for_elementor_section_title\" data-id=\"0cbf65a\" data-element_type=\"widget\" data-e-type=\"widget\" data-widget_type=\"qi_addons_for_elementor_section_title.default\">\n\t\t\t\t<div class=\"elementor-widget-container\">\n\t\t\t\t\t<div class=\"qodef-shortcode qodef-m qodef-qi-section-title qodef-decoration--italic qodef-link--underline-draw qodef-subtitle-icon--left\">\n\t\t\t\t\t\t\t\t<div class=\"qodef-m-text\"><p style=\"font-size: 12px;color: #606060\">\u00a9 2021 <a href=\"https:\/\/qodeinteractive.com\/\" target=\"_blank\" rel=\"noopener\">Qode Interactive<\/a>, All Rights Reserved<\/p><\/div>\n\t<\/div>\n\t\t\t\t<\/div>\n\t\t\t\t<\/div>\n\t\t\t\t\t<\/div>\n\t\t<\/div>\n\t\t\t\t<div class=\"elementor-column elementor-col-50 elementor-inner-column elementor-element elementor-element-004e86d qodef-sticky-column--no\" data-id=\"004e86d\" data-element_type=\"column\" data-e-type=\"column\">\n\t\t\t<div class=\"elementor-widget-wrap elementor-element-populated\">\n\t\t\t\t\t\t<div class=\"elementor-element elementor-element-2e6618e elementor-widget__width-auto elementor-widget elementor-widget-qi_addons_for_elementor_icon_with_text\" data-id=\"2e6618e\" data-element_type=\"widget\" data-e-type=\"widget\" data-widget_type=\"qi_addons_for_elementor_icon_with_text.default\">\n\t\t\t\t<div class=\"elementor-widget-container\">\n\t\t\t\t\t<div class=\"qodef-shortcode qodef-m qodef-qi-icon-with-text qodef-layout--before-content qodef--custom-icon qodef-column-responsive--never\" >\n\t\t\t<div class=\"qodef-m-icon-wrapper\">\n\t\t\t\t<a itemprop=\"url\" href=\"https:\/\/www.instagram.com\/naruki_dd_art\/\" target=\"_blank\">\n\t<div class=\"qodef-m-icon-holder\">\n\t\t<svg xmlns=\"http:\/\/www.w3.org\/2000\/svg\" xmlns:xlink=\"http:\/\/www.w3.org\/1999\/xlink\" width=\"16\" viewBox=\"0 0 16 16\"><path d=\"M14.5 0h-13c-0.825 0-1.5 0.675-1.5 1.5v13c0 0.825 0.675 1.5 1.5 1.5h13c0.825 0 1.5-0.675 1.5-1.5v-13c0-0.825-0.675-1.5-1.5-1.5zM11 2.5c0-0.275 0.225-0.5 0.5-0.5h2c0.275 0 0.5 0.225 0.5 0.5v2c0 0.275-0.225 0.5-0.5 0.5h-2c-0.275 0-0.5-0.225-0.5-0.5v-2zM8 5c1.656 0 3 1.344 3 3s-1.344 3-3 3c-1.656 0-3-1.344-3-3s1.344-3 3-3zM14 13.5v0c0 0.275-0.225 0.5-0.5 0.5h-11c-0.275 0-0.5-0.225-0.5-0.5v0-6.5h1.1c-0.066 0.322-0.1 0.656-0.1 1 0 2.762 2.237 5 5 5s5-2.238 5-5c0-0.344-0.034-0.678-0.1-1h1.1v6.5z\"><\/path><\/svg>\t<\/div>\n\t<\/a>\n\t\t<\/div>\n\t\t<div class=\"qodef-m-content\">\n\t\t\t\t\t\t\t\t\t<\/div>\n<\/div>\n\t\t\t\t<\/div>\n\t\t\t\t<\/div>\n\t\t\t\t\t<\/div>\n\t\t<\/div>\n\t\t\t\t\t<\/div>\n\t\t<\/section>\n\t\t\t\t\t<\/div>\n\t\t<\/div>\n\t\t\t\t\t<\/div>\n\t\t<\/section>\n\t\t\t\t<\/div>\n\t\t","protected":false},"excerpt":{"rendered":"<p>\u00c0 propos de moi. Je suis Noura Hassani, mais vous pouvez m&#8217;appeler Naruki. Passionn\u00e9e dans le milieu cr\u00e9atif depuis mes six ans, je d\u00e9veloppe un univers m\u00ealant illustration, concept art, photographie, voire l&#8217;animation\u2026 et toujours pr\u00eate vers la qu\u00eate de nouvelles techniques et pratiques. \u00a9 2021 Qode Interactive, All Rights Reserved<\/p>\n","protected":false},"author":1,"featured_media":0,"parent":0,"menu_order":0,"comment_status":"closed","ping_status":"closed","template":"qi-full-width.php","meta":{"content-type":"","om_disable_all_campaigns":false,"_monsterinsights_skip_tracking":false,"_monsterinsights_sitenote_active":false,"_monsterinsights_sitenote_note":"","_monsterinsights_sitenote_category":0,"footnotes":""},"class_list":["post-757","page","type-page","status-publish","hentry"],"aioseo_notices":[],"_links":{"self":[{"href":"https:\/\/naruki.world\/index.php?rest_route=\/wp\/v2\/pages\/757","targetHints":{"allow":["GET"]}}],"collection":[{"href":"https:\/\/naruki.world\/index.php?rest_route=\/wp\/v2\/pages"}],"about":[{"href":"https:\/\/naruki.world\/index.php?rest_route=\/wp\/v2\/types\/page"}],"author":[{"embeddable":true,"href":"https:\/\/naruki.world\/index.php?rest_route=\/wp\/v2\/users\/1"}],"replies":[{"embeddable":true,"href":"https:\/\/naruki.world\/index.php?rest_route=%2Fwp%2Fv2%2Fcomments&post=757"}],"version-history":[{"count":25,"href":"https:\/\/naruki.world\/index.php?rest_route=\/wp\/v2\/pages\/757\/revisions"}],"predecessor-version":[{"id":2108,"href":"https:\/\/naruki.world\/index.php?rest_route=\/wp\/v2\/pages\/757\/revisions\/2108"}],"wp:attachment":[{"href":"https:\/\/naruki.world\/index.php?rest_route=%2Fwp%2Fv2%2Fmedia&parent=757"}],"curies":[{"name":"wp","href":"https:\/\/api.w.org\/{rel}","templated":true}]}}